{"id":6,"date":"2020-11-13T11:51:31","date_gmt":"2020-11-13T10:51:31","guid":{"rendered":"http:\/\/rezerwacja.powiatwalecki.pl\/?page_id=6"},"modified":"2026-03-16T09:33:06","modified_gmt":"2026-03-16T08:33:06","slug":"powiat-walecki","status":"publish","type":"page","link":"https:\/\/rezerwacja.powiatwalecki.pl\/","title":{"rendered":""},"content":{"rendered":"\n<hr class=\"wp-block-separator has-alpha-channel-opacity\"\/>\n\n\n\n<blockquote class=\"wp-block-quote is-layout-flow wp-block-quote-is-layout-flow\">\n<p class=\"has-zakra-color-5-color has-text-color has-link-color wp-elements-381e6c4090145a1617c68083a4157163\"><strong>UWAGA!<\/strong> W przypadku braku terminu daj\u0105cego mo\u017cliwo\u015b\u0107 z\u0142o\u017cenia wniosku o rejestracj\u0119 pojazdu w wymaganym terminie (odpowiednio 30, 60 lub 90 dni &#8211; <a href=\"https:\/\/rezerwacja.powiatwalecki.pl\/index.php\/art-73aa-obowiazek-zlozenia-wniosku-o-rejestracje-pojazdu\/\" data-type=\"page\" data-id=\"207\">patrz\u00a0art. 73aa ustawy Prawo o ruchu drogowym)<\/a>, nale\u017cy zarezerwowa\u0107 pierwszy wolny termin, natomiast <strong>wniosek o rejestracj\u0119 z\u0142o\u017cy\u0107\u00a0przed up\u0142ywem ww. termin\u00f3w\u00a0w Punkcie Obs\u0142ugi Interesanta.<\/strong><\/p>\n<\/blockquote>\n\n\n<!--noptimize-->\n        <script type=\"text\/javascript\">\n         var cp_hourbk_cancel_label = 'Cancel';\n         var cp_hourbk_quantity_label = 'Quantity';\n         var cp_hourbk_cost_label = 'Cost';\n         var cp_hourbk_overlapping_label = 'Selected time is no longer available. Please select a different time.';         \n\t\t var cp_hourbk_nomore_label = 'No more slots available.';\n         var cp_hourbk_avoid_overlapping = 0;\n         var apphboverbooking_handler0 = false;\n         function cp_appbooking_pform_doValidate_1(form)\n         {\n            try { if (document.cp_appbooking_pform_1.cp_appbooking_pform_status.value == '1') return false; } catch (e) {}\n            $dexQuery = jQuery.noConflict();\n            try { document.cp_appbooking_pform_1.cp_ref_page.value = document.location; } catch (e) {}\n            $dexQuery = jQuery.noConflict();            var result = '';\n            try {\n            if (!apphboverbooking_handler0) {\n            if (document.cp_appbooking_pform_1.hdcaptcha_cp_appbooking_post.value == '') { setTimeout( \"cp_appbooking_cerror_1()\", 100); return false; }\n            var result = $dexQuery.ajax({ type: \"GET\", url: \"https:\/\/rezerwacja.powiatwalecki.pl\/?ps=_1&cp_appbooking_pform_process=2&cp_appbooking_id=8&inAdmin=1&ps=_1&hdcaptcha_cp_appbooking_post=\"+document.cp_appbooking_pform_1.hdcaptcha_cp_appbooking_post.value, async: false }).responseText;\n            }\n            } catch (e) {result='';console.log('AHB: Captcha not detected.');}\n            if (!apphboverbooking_handler0 && result.indexOf(\"captchafailed\") != -1) {\n                $dexQuery(\"#captchaimg_1\").attr('src', $dexQuery(\"#captchaimg_1\").attr('src')+'&'+Math.floor((Math.random() * 99999) + 1));\n                setTimeout( \"cp_appbooking_cerror_1()\", 100);\n                return false;\n            } else             {\n                var cpefb_error = 0;\n                $dexQuery(\"#cp_appbooking_pform_1\").find(\".cpefb_error\").each(function(index){\n                if ($dexQuery(this).css(\"display\")!=\"none\")\n                    cpefb_error++;\n                });\n                if (cpefb_error==0)\n                {\n                    if (!apphboverbooking_handler0)\n                    {\n                        try { document.cp_appbooking_pform_1.cp_appbooking_pform_status.value = '1';\t } catch (e) {}\n                        apphbblink_1(\".pbSubmit:visible\");\n                        $dexQuery(\"#cp_appbooking_pform_1\").find(\".avoid_overlapping_before\").not(\".ignore,.ignorepb\").removeClass(\"avoid_overlapping_before\").removeClass(\"valid\").addClass(\"avoid_overlapping\");\n                        cp_hourbk_avoid_overlapping = 1;\n                        try {\n                            $dexQuery(\"#cp_appbooking_pform_1\").find(\".avoid_overlapping\").valid();\n                        } catch (e) { cp_hourbk_avoid_overlapping = 0; }\n                        function check_cp_hourbk_avoid_overlapping(){\n\t\t                    if (cp_hourbk_avoid_overlapping>0)\n\t\t                        setTimeout(check_cp_hourbk_avoid_overlapping,100);\n\t\t                    else\n\t\t                    {\n                                var cpefb_error = 0;\n                                $dexQuery(\"#cp_appbooking_pform_1\").find(\".cpefb_error\").each(function(index){\n                                    if ($dexQuery(this).css(\"display\")!=\"none\")\n                                        cpefb_error++;\n                                    });\n                                try { document.cp_appbooking_pform_1.cp_appbooking_pform_status.value = '0';\t } catch (e) {}\n                                if (cpefb_error==0)\n                                {\n                                    apphboverbooking_handler0 = true;\n                                    if (cp_appbooking_pform_doValidate_1(form))\n                                    {\n                                        $dexQuery( \".pbSubmit\" ).unbind();\n                                        if ($dexQuery( \".pbSubmit\" ).hasClass(\"nofirst\"))\n                                            return false;\n                                        $dexQuery( \".pbSubmit\" ).addClass(\"nofirst\");\n                                        document.getElementById(\"cp_appbooking_pform_1\").submit();\n                                    }\n                                }\n\t\t                    }\n\t\t                }\n\t\t                check_cp_hourbk_avoid_overlapping();\n                        return false;\n                    }\n                    \t        \t\t$dexQuery(\"#cp_appbooking_pform_1\").find( '.ignore' ).closest( '.fields' ).remove();\n\t        \t}\n\t        \tdocument.getElementById(\"form_structure_1\").value = '';\n\t        \tdocument.getElementById(\"refpage_1\").value = document.location;\n                try {\n                    if (cpefb_error==0)\n                    {\n                        document.cp_appbooking_pform_1.cp_appbooking_pform_status.value = '1';\n                        apphbblink_1(\".pbSubmit\");\n                    }\n                } catch (e) {}\n                return true;\n            }\n         }\n         function apphbblink_1(selector){\n             try {\n                 $dexQuery = jQuery.noConflict();\n                 $dexQuery(selector).fadeOut(1000, function(){\n                     $dexQuery(this).fadeIn(1000, function(){\n                             try {\n                                 if (document.cp_appbooking_pform_1.cp_appbooking_pform_status.value != '0')\n                                     apphbblink_1(this);\n                             } catch (e) { console.log(e)}\n                     });\n                 });\n             } catch (e) {}\n         }\n         function cp_appbooking_cerror_1(){$dexQuery = jQuery.noConflict();$dexQuery(\"#hdcaptcha_error_1\").css('top',$dexQuery(\"#hdcaptcha_cp_appbooking_post_1\").outerHeight());$dexQuery(\"#hdcaptcha_error_1\").css(\"display\",\"inline\");}\n        <\/script><!--\/noptimize-->\n        <link rel='stylesheet' media=\"all\" href=\"https:\/\/rezerwacja.powiatwalecki.pl\/wp-content\/plugins\/appointment-hour-booking\/templates\/08\/style.css\" type=\"text\/css\" \/><form class=\"cpp_form no-prefetch\" name=\"cp_appbooking_pform_1\" id=\"cp_appbooking_pform_1\" action=\"\/?ahbnocache=789180\" method=\"post\" enctype=\"multipart\/form-data\" onsubmit=\"return cp_appbooking_pform_doValidate_1(this);\"><input type=\"hidden\" name=\"cp_pform_psequence\" value=\"_1\" \/><input type=\"hidden\" name=\"cp_appbooking_pform_process\" value=\"1\" \/><input type=\"hidden\" name=\"cp_appbooking_id\" value=\"8\" \/><input type=\"hidden\" name=\"cp_ref_page\" value=\"\" \/><input type=\"hidden\" name=\"form_structure_1\" id=\"form_structure_1\" size=\"180\" value=\"[[{&quot;form_identifier&quot;:&quot;&quot;,&quot;name&quot;:&quot;fieldname1&quot;,&quot;shortlabel&quot;:&quot;&quot;,&quot;index&quot;:0,&quot;ftype&quot;:&quot;fapp&quot;,&quot;userhelp&quot;:&quot;Podaj swoje dane kontaktowe.&quot;,&quot;userhelpTooltip&quot;:&quot;&quot;,&quot;csslayout&quot;:&quot;.ui-datepicker-week-end { color: black ;}&quot;,&quot;title&quot;:&quot;Wizyta w:&quot;,&quot;services&quot;:[{&quot;name&quot;:&quot;Wydzia\\u0142 komunikacji i transportu&quot;,&quot;price&quot;:0,&quot;capacity&quot;:&quot;2&quot;,&quot;duration&quot;:&quot;25&quot;,&quot;pb&quot;:0,&quot;pa&quot;:0,&quot;ohindex&quot;:0,&quot;idx&quot;:1}],&quot;openhours&quot;:[],&quot;allOH&quot;:[{&quot;name&quot;:&quot;Default&quot;,&quot;openhours&quot;:[{&quot;type&quot;:&quot;all&quot;,&quot;d&quot;:&quot;&quot;,&quot;h1&quot;:&quot;7&quot;,&quot;m1&quot;:&quot;40&quot;,&quot;h2&quot;:&quot;8&quot;,&quot;m2&quot;:&quot;10&quot;},{&quot;type&quot;:&quot;all&quot;,&quot;d&quot;:&quot;&quot;,&quot;h1&quot;:&quot;8&quot;,&quot;m1&quot;:&quot;10&quot;,&quot;h2&quot;:&quot;8&quot;,&quot;m2&quot;:&quot;40&quot;},{&quot;type&quot;:&quot;all&quot;,&quot;d&quot;:&quot;&quot;,&quot;h1&quot;:&quot;8&quot;,&quot;m1&quot;:&quot;40&quot;,&quot;h2&quot;:&quot;9&quot;,&quot;m2&quot;:&quot;10&quot;},{&quot;type&quot;:&quot;all&quot;,&quot;d&quot;:&quot;&quot;,&quot;h1&quot;:&quot;9&quot;,&quot;m1&quot;:&quot;10&quot;,&quot;h2&quot;:&quot;9&quot;,&quot;m2&quot;:&quot;40&quot;},{&quot;type&quot;:&quot;all&quot;,&quot;d&quot;:&quot;&quot;,&quot;h1&quot;:&quot;9&quot;,&quot;m1&quot;:&quot;40&quot;,&quot;h2&quot;:&quot;10&quot;,&quot;m2&quot;:&quot;15&quot;},{&quot;type&quot;:&quot;all&quot;,&quot;d&quot;:&quot;&quot;,&quot;h1&quot;:&quot;10&quot;,&quot;m1&quot;:&quot;15&quot;,&quot;h2&quot;:&quot;10&quot;,&quot;m2&quot;:&quot;40&quot;},{&quot;type&quot;:&quot;all&quot;,&quot;d&quot;:&quot;&quot;,&quot;h1&quot;:&quot;10&quot;,&quot;m1&quot;:&quot;40&quot;,&quot;h2&quot;:&quot;11&quot;,&quot;m2&quot;:&quot;5&quot;},{&quot;type&quot;:&quot;all&quot;,&quot;d&quot;:&quot;&quot;,&quot;h1&quot;:&quot;11&quot;,&quot;m1&quot;:&quot;5&quot;,&quot;h2&quot;:&quot;11&quot;,&quot;m2&quot;:&quot;30&quot;},{&quot;type&quot;:&quot;all&quot;,&quot;d&quot;:&quot;&quot;,&quot;h1&quot;:&quot;11&quot;,&quot;m1&quot;:&quot;30&quot;,&quot;h2&quot;:&quot;11&quot;,&quot;m2&quot;:&quot;55&quot;},{&quot;type&quot;:&quot;all&quot;,&quot;d&quot;:&quot;&quot;,&quot;h1&quot;:&quot;11&quot;,&quot;m1&quot;:&quot;55&quot;,&quot;h2&quot;:&quot;12&quot;,&quot;m2&quot;:&quot;20&quot;},{&quot;type&quot;:&quot;all&quot;,&quot;d&quot;:&quot;&quot;,&quot;h1&quot;:&quot;12&quot;,&quot;m1&quot;:&quot;20&quot;,&quot;h2&quot;:&quot;12&quot;,&quot;m2&quot;:&quot;45&quot;},{&quot;type&quot;:&quot;all&quot;,&quot;d&quot;:&quot;&quot;,&quot;h1&quot;:&quot;12&quot;,&quot;m1&quot;:&quot;45&quot;,&quot;h2&quot;:&quot;13&quot;,&quot;m2&quot;:&quot;10&quot;},{&quot;type&quot;:&quot;all&quot;,&quot;d&quot;:&quot;&quot;,&quot;h1&quot;:&quot;13&quot;,&quot;m1&quot;:&quot;10&quot;,&quot;h2&quot;:&quot;13&quot;,&quot;m2&quot;:&quot;40&quot;},{&quot;type&quot;:&quot;all&quot;,&quot;d&quot;:&quot;&quot;,&quot;h1&quot;:&quot;13&quot;,&quot;m1&quot;:&quot;40&quot;,&quot;h2&quot;:&quot;14&quot;,&quot;m2&quot;:&quot;5&quot;}]}],&quot;dateFormat&quot;:&quot;dd\\\/mm\\\/yy&quot;,&quot;showDropdown&quot;:false,&quot;showTotalCost&quot;:false,&quot;showTotalCostFormat&quot;:&quot;$ {0}&quot;,&quot;showEndTime&quot;:false,&quot;showQuantity&quot;:false,&quot;usedSlotsCheckbox&quot;:false,&quot;avoidOverlaping&quot;:true,&quot;emptySelectCheckbox&quot;:false,&quot;emptySelect&quot;:&quot;-- Please select service --&quot;,&quot;dropdownRange&quot;:&quot;-10:+10&quot;,&quot;working_dates&quot;:[false,true,true,true,true,true,false],&quot;numberOfMonths&quot;:&quot;2&quot;,&quot;maxNumberOfApp&quot;:&quot;1&quot;,&quot;firstDay&quot;:&quot;1&quot;,&quot;minDate&quot;:&quot;+2h&quot;,&quot;maxDate&quot;:&quot;\\&quot;+90d\\&quot;&quot;,&quot;defaultDate&quot;:&quot;&quot;,&quot;invalidDates&quot;:&quot;&quot;,&quot;tmpinvalidDates&quot;:&quot;&quot;,&quot;required&quot;:true,&quot;bSlotsCheckbox&quot;:false,&quot;bSlots&quot;:&quot;25&quot;,&quot;militaryTime&quot;:1,&quot;autonum&quot;:1,&quot;autonumStaff&quot;:0,&quot;fBuild&quot;:{},&quot;special_days&quot;:[],&quot;minDateTmp&quot;:0,&quot;getMinDate&quot;:{},&quot;tmpinvalidDatestime&quot;:[]},{&quot;form_identifier&quot;:&quot;&quot;,&quot;name&quot;:&quot;fieldname2&quot;,&quot;shortlabel&quot;:&quot;&quot;,&quot;index&quot;:1,&quot;ftype&quot;:&quot;ftext&quot;,&quot;userhelp&quot;:&quot;&quot;,&quot;userhelpTooltip&quot;:&quot;&quot;,&quot;csslayout&quot;:&quot;&quot;,&quot;title&quot;:&quot;Imi\\u0119 i Nazwisko&quot;,&quot;predefined&quot;:&quot;&quot;,&quot;predefinedClick&quot;:false,&quot;required&quot;:true,&quot;size&quot;:&quot;medium&quot;,&quot;minlength&quot;:&quot;&quot;,&quot;maxlength&quot;:&quot;&quot;,&quot;equalTo&quot;:&quot;&quot;,&quot;fBuild&quot;:{}},{&quot;form_identifier&quot;:&quot;&quot;,&quot;name&quot;:&quot;email&quot;,&quot;shortlabel&quot;:&quot;&quot;,&quot;index&quot;:2,&quot;ftype&quot;:&quot;femail&quot;,&quot;userhelp&quot;:&quot;&quot;,&quot;userhelpTooltip&quot;:&quot;&quot;,&quot;csslayout&quot;:&quot;&quot;,&quot;title&quot;:&quot;E-mail&quot;,&quot;predefined&quot;:&quot;&quot;,&quot;predefinedClick&quot;:false,&quot;required&quot;:true,&quot;size&quot;:&quot;medium&quot;,&quot;equalTo&quot;:&quot;&quot;,&quot;fBuild&quot;:{}},{&quot;form_identifier&quot;:&quot;&quot;,&quot;name&quot;:&quot;fieldname4&quot;,&quot;shortlabel&quot;:&quot;&quot;,&quot;index&quot;:3,&quot;ftype&quot;:&quot;ftext&quot;,&quot;userhelp&quot;:&quot;Podaj kontaktowy nr telefonu&quot;,&quot;userhelpTooltip&quot;:&quot;&quot;,&quot;csslayout&quot;:&quot;&quot;,&quot;title&quot;:&quot;Telefon&quot;,&quot;predefined&quot;:&quot;012345678&quot;,&quot;predefinedClick&quot;:false,&quot;required&quot;:true,&quot;size&quot;:&quot;medium&quot;,&quot;minlength&quot;:&quot;9&quot;,&quot;maxlength&quot;:&quot;9&quot;,&quot;equalTo&quot;:&quot;&quot;,&quot;fBuild&quot;:{}},{&quot;form_identifier&quot;:&quot;&quot;,&quot;name&quot;:&quot;fieldname6&quot;,&quot;shortlabel&quot;:&quot;&quot;,&quot;index&quot;:4,&quot;ftype&quot;:&quot;ftext&quot;,&quot;userhelp&quot;:&quot;Mo\\u017cesz poda\\u0107 rodzaj us\\u0142ugi.&quot;,&quot;userhelpTooltip&quot;:&quot;&quot;,&quot;csslayout&quot;:&quot;&quot;,&quot;title&quot;:&quot;Rodzaj us\\u0142ugi&quot;,&quot;predefined&quot;:&quot;Np. rejestracja pojazdu&quot;,&quot;predefinedClick&quot;:false,&quot;required&quot;:false,&quot;size&quot;:&quot;medium&quot;,&quot;minlength&quot;:&quot;&quot;,&quot;maxlength&quot;:&quot;&quot;,&quot;equalTo&quot;:&quot;&quot;,&quot;fBuild&quot;:{}},{&quot;form_identifier&quot;:&quot;&quot;,&quot;name&quot;:&quot;fieldname3&quot;,&quot;shortlabel&quot;:&quot;&quot;,&quot;index&quot;:5,&quot;ftype&quot;:&quot;facceptance&quot;,&quot;userhelp&quot;:&quot;&quot;,&quot;userhelpTooltip&quot;:&quot;&quot;,&quot;csslayout&quot;:&quot;&quot;,&quot;title&quot;:&quot;Wyra\\u017cam zgod\\u0119 na przetwarzanie moich danych osobowych przez Starost\\u0119 Wa\\u0142eckiego, w celu rezerwacji wizyty w Starostwie Powiatowym w zakresie danych: adres poczty elektronicznej, numer telefonu.&quot;,&quot;value&quot;:&quot;Tak&quot;,&quot;url&quot;:&quot;&quot;,&quot;message&quot;:&quot;&quot;,&quot;required&quot;:true,&quot;fBuild&quot;:{}},{&quot;form_identifier&quot;:&quot;&quot;,&quot;name&quot;:&quot;fieldname5&quot;,&quot;shortlabel&quot;:&quot;&quot;,&quot;index&quot;:6,&quot;ftype&quot;:&quot;facceptance&quot;,&quot;userhelp&quot;:&quot;&quot;,&quot;userhelpTooltip&quot;:&quot;&quot;,&quot;csslayout&quot;:&quot;&quot;,&quot;title&quot;:&quot;Akceptuj\\u0119 regulamin&quot;,&quot;value&quot;:&quot;Tak&quot;,&quot;url&quot;:&quot;http:\\\/\\\/rezerwacja.powiatwalecki.pl\\\/index.php\\\/klauzula-informacyjna-rodo\\\/&quot;,&quot;message&quot;:&quot;&quot;,&quot;required&quot;:true,&quot;fBuild&quot;:{}}],[{&quot;title&quot;:&quot;Formularz rejestracyjny&quot;,&quot;description&quot;:&quot;Aby zarezerwowa\\u0107 wizyt\\u0119 nale\\u017cy wype\\u0142ni\\u0107 puste pola i wybra\\u0107 miesi\\u0105c, dzie\\u0144 i godzin\\u0119 (aktywne s\\u0105 tylko wolne terminy).\\nPo wype\\u0142nieniu wymaganych p\\u00f3l nale\\u017cy przepisa\\u0107 kod zabezpieczaj\\u0105cy i wybra\\u0107 przycisk \\u201ePotwierd\\u017a\\u201d.&quot;,&quot;formlayout&quot;:&quot;top_aligned&quot;,&quot;formtemplate&quot;:&quot;ahb_m2&quot;,&quot;evalequations&quot;:1,&quot;autocomplete&quot;:1,&quot;autofocus&quot;:true}]]\" \/><input type=\"hidden\" name=\"refpage_1\" id=\"refpage_1\" value=\"\"><input type=\"hidden\" name=\"cp_appbooking_pform_status\" value=\"0\" \/><input name=\"anonce\" type=\"hidden\" value=\"c2f9e1aae0\"\/>\r\n<div id=\"fbuilder\">\r\n    <div id=\"fbuilder_1\">\r\n        <div id=\"formheader_1\"><\/div>\r\n        <div id=\"fieldlist_1\"><\/div>\r\n    <\/div>\r\n<\/div>\r\n<div style=\"display:none\">\r\n<div id=\"cpcaptchalayer_1\" class=\"cpcaptchalayer\">\r\n <div class=\"fields\" id=\"field-c0\" style=\"display:none\">\r\n    <label><\/label>\r\n    <div class=\"dfield\"><!--addons-payment-options--><\/div>\r\n    <div class=\"clearer\"><\/div>\r\n <\/div>\r\n  Kod zabezpieczenia:<br \/>\r\n  <img decoding=\"async\" src=\"https:\/\/rezerwacja.powiatwalecki.pl\/?cp_appbooking_captcha=captcha&amp;ps=_1&amp;inAdmin=1&amp;width=180&amp;height=60&amp;letter_count=5&amp;min_size=25&amp;max_size=35&amp;noise=40&amp;noiselength=10&amp;bcolor=ffffff&amp;border=000000&amp;font=font3\"  id=\"captchaimg_1\" alt=\"security code\" border=\"0\" class=\"skip-lazy\" \/>\r\n  <br \/>Wpisz kod zabezpieczenia:<br \/>\r\n  <div class=\"dfield\"><input type=\"text\" size=\"20\" name=\"hdcaptcha_cp_appbooking_post\" id=\"hdcaptcha_cp_appbooking_post_1\" value=\"\" autocomplete=\"off\" \/>\r\n  <div class=\"cpefb_error message\" id=\"hdcaptcha_error_1\" generated=\"true\" style=\"display:none;position: absolute; left: 0px; top: 25px;\">Please enter a valid captcha code.<\/div>\r\n  <\/div><br \/>\r\n<!-- rcadon -->\r\n<\/div>\r\n<\/div>\r\n<div id=\"cp_subbtn_1\" class=\"cp_subbtn\">Potwierd\u017a<\/div>\r\n<div style=\"clear:both;\"><\/div>\r\n<input type=\"hidden\" name=\"cpapphb196bb\" value=\"\"><\/form>\r\n                                  <!--noptimize-->\n                 <link href=\"https:\/\/rezerwacja.powiatwalecki.pl\/wp-content\/plugins\/appointment-hour-booking\/css\/stylepublic.css\" type=\"text\/css\" rel=\"stylesheet\" \/>\n                 <link href=\"https:\/\/rezerwacja.powiatwalecki.pl\/?cp_cpappb_resources=css\" type=\"text\/css\" rel=\"stylesheet\" \/>\n                 <link href=\"https:\/\/rezerwacja.powiatwalecki.pl\/wp-content\/plugins\/appointment-hour-booking\/css\/cupertino\/calendar.css\" type=\"text\/css\" rel=\"stylesheet\" \/>\n                 <script type='text\/javascript' src='https:\/\/rezerwacja.powiatwalecki.pl\/wp-content\/plugins\/appointment-hour-booking\/..\/..\/..\/wp-includes\/js\/jquery\/jquery.js'><\/script>\n                 <script type='text\/javascript' src='https:\/\/rezerwacja.powiatwalecki.pl\/wp-content\/plugins\/appointment-hour-booking\/..\/..\/..\/wp-includes\/js\/jquery\/ui\/core.min.js'><\/script>\n                 <script type='text\/javascript' src='https:\/\/rezerwacja.powiatwalecki.pl\/wp-content\/plugins\/appointment-hour-booking\/..\/..\/..\/wp-includes\/js\/jquery\/ui\/datepicker.min.js'><\/script>\n                 <script type='text\/javascript' src='https:\/\/rezerwacja.powiatwalecki.pl\/wp-content\/plugins\/appointment-hour-booking\/..\/..\/..\/wp-includes\/js\/jquery\/ui\/tooltip.min.js'><\/script>\n                 <script type='text\/javascript' src='https:\/\/rezerwacja.powiatwalecki.pl\/wp-content\/plugins\/appointment-hour-booking\/js\/languages\/jquery.ui.datepicker-pl_PL.js'><\/script>                 <script type='text\/javascript'>\n                 \/* <![CDATA[ *\/\n                 var cp_appbooking_fbuilder_config_1 = {\"obj\":\"{\\\"pub\\\":true,\\\"identifier\\\":\\\"_1\\\",\\\"messages\\\": {\\n    \\t                \\t\\\"required\\\": \\\"Pole jest wymagane\\\",\\\"maxapp\\\": \\\"Please select a max of {0} appointments per customer.\\\",\\\"language\\\": \\\"pl_PL\\\",\\\"date_format\\\": \\\"dd\/mm\/yy\\\",\\n    \\t                \\t\\\"email\\\": \\\"Wprowad\u017a prawid\u0142owy adres e-mail\\\",\\n    \\t                \\t\\\"datemmddyyyy\\\": \\\"Please enter a valid date with this format(mm\/dd\/yyyy)\\\",\\n    \\t                \\t\\\"dateddmmyyyy\\\": \\\"Wprowad\u017a prawid\u0142ow\u0105 dat\u0119 (dzie\u0144\/miesi\u0105c\/rok)\\\",\\n    \\t                \\t\\\"number\\\": \\\"Tekst jest liczb\u0105\\\",\\n    \\t                \\t\\\"digits\\\": \\\"Tylko cyfry\\\",\\n    \\t                \\t\\\"max\\\": \\\"Please enter a value less than or equal to {0}.\\\",\\n    \\t                \\t\\\"min\\\": \\\"Please enter a value greater than or equal to {0}.\\\",\\\"previous\\\": \\\"Poprzednia\\\",\\\"next\\\": \\\"Nast\u0119pna\\\"\\n    \\t                }}\"};\n                 \/* ]]> *\/\n                 <\/script>\n                 <script type='text\/javascript' src='https:\/\/rezerwacja.powiatwalecki.pl\/?cp_cpappb_resources=public'><\/script>\n                 <script type='text\/javascript' src='https:\/\/rezerwacja.powiatwalecki.pl\/?cp_cpappb_resources=customjs'><\/script>\n                 <!--\/noptimize-->\n            \n\n\n\n<p><strong>Wymagane dokumenty przy rejestracji pojazdu<\/strong> <a rel=\"noreferrer noopener\" href=\"https:\/\/bip.powiatwalecki.pl\/artykul\/rejestracja-pojazdu\" target=\"_blank\">&gt;&gt;&gt;przeczytasz tutaj&lt;&lt;&lt;<\/a><\/p>\n\n\n\n<hr class=\"wp-block-separator has-alpha-channel-opacity\"\/>\n\n\n\n<p class=\"has-medium-font-size\">Zapisanie si\u0119 jest wymagane do spraw typu:<\/p>\n\n\n\n<ul class=\"wp-block-list\">\n<li>rejestracja pojazdu zakupionego (nowy, zarejestrowany w Polsce, z zagranicy), <\/li>\n\n\n\n<li>rejestracja czasowa (wyw\u00f3z pojazdu za granic\u0119, dojazd na badanie techniczne, dojazd z miejsca zakupu pojazdu),<\/li>\n\n\n\n<li>czasowe wyrejestrowanie pojazdu (ci\u0119\u017carowy, autobus),<\/li>\n\n\n\n<li>nadanie cech identyfikacyjnych pojazdu\/nabicie tabliczki znamionowej.<\/li>\n<\/ul>\n\n\n\n<p class=\"has-vivid-red-color has-text-color has-medium-font-size\">Za\u0142atwianie pozosta\u0142ych spraw w Wydziale Komunikacji i Transportu nie wymaga wcze\u015bniejszego zapisania si\u0119 na wizyt\u0119.<\/p>\n\n\n\n<hr class=\"wp-block-separator has-alpha-channel-opacity\"\/>\n\n\n\n<ol class=\"wp-block-list\">\n<li>Aby zarezerwowa\u0107 wizyt\u0119 nale\u017cy wype\u0142ni\u0107 puste pola i wybra\u0107 miesi\u0105c, dzie\u0144 i godzin\u0119. Po wype\u0142nieniu wymaganych p\u00f3l nale\u017cy przepisa\u0107 kod zabezpieczaj\u0105cy i wybra\u0107 przycisk &#8222;Potwierd\u017a&#8221;.<\/li>\n\n\n\n<li>Na wskazany adres e-mail zostanie wys\u0142ane potwierdzenie rezerwacji wizyty.<\/li>\n\n\n\n<li><strong><span style=\"color:#a30003\" class=\"has-inline-color\">Zarezerwowanie jednej wizyty upowa\u017cnia do za\u0142atwienia tylko jednej sprawy. W przypadku ch\u0119ci za\u0142atwienia wi\u0119cej ni\u017c jednej sprawy nale\u017cy dla ka\u017cdej sprawy zarezerwowa\u0107 oddzieln\u0105 wizyt\u0119.<\/span><\/strong><\/li>\n\n\n\n<li>Przed terminem wizyty nale\u017cy zg\u0142osi\u0107 si\u0119 do Punktu Obs\u0142ugi Interesanta (pok\u00f3j nr 1-2, parter) celem potwierdzenia swojego przybycia.<\/li>\n\n\n\n<li>W przypadku nieprzybycia termin wizyty przepada.<\/li>\n\n\n\n<li>W przypadku <strong>rezygnacji<\/strong> z um\u00f3wionej wizyty <strong>poinformuj nas<\/strong> o tym.<\/li>\n<\/ol>\n\n\n\n<ul class=\"wp-block-list\">\n<li>e-mail: <a href=\"mailto:rezerwacja@powiatwalecki.pl\">rezerwacja@powiatwalecki.pl<\/a><\/li>\n\n\n\n<li>telefon: 67 250 84 52 lub 604 927 639<\/li>\n<\/ul>\n\n\n\n<p>W razie w\u0105tpliwo\u015bci prosimy o kontakt telefoniczny.<\/p>\n","protected":false},"excerpt":{"rendered":"<p>UWAGA! W przypadku braku terminu daj\u0105cego mo\u017cliwo\u015b\u0107 z\u0142o\u017cenia wniosku o rejestracj\u0119 pojazdu w wymaganym terminie (odpowiednio 30, 60 lub 90 dni &#8211; patrz\u00a0art. 73aa ustawy Prawo o ruchu drogowym), nale\u017cy zarezerwowa\u0107 pierwszy wolny termin, natomiast wniosek o rejestracj\u0119 z\u0142o\u017cy\u0107\u00a0przed up\u0142ywem ww. termin\u00f3w\u00a0w Punkcie Obs\u0142ugi Interesanta. Wymagane dokumenty przy rejestracji pojazdu &gt;&gt;&gt;przeczytasz tutaj&lt;&lt;&lt; Zapisanie si\u0119 jest [&hellip;]<\/p>\n","protected":false},"author":1,"featured_media":0,"parent":0,"menu_order":0,"comment_status":"closed","ping_status":"closed","template":"","meta":{"zakra_page_container_layout":"customizer","zakra_page_sidebar_layout":"customizer","zakra_remove_content_margin":false,"zakra_sidebar":"customizer","zakra_transparent_header":"customizer","zakra_logo":0,"zakra_main_header_style":"default","zakra_menu_item_color":"","zakra_menu_item_hover_color":"","zakra_menu_item_active_color":"","zakra_menu_active_style":"","zakra_page_header":true,"footnotes":""},"class_list":["post-6","page","type-page","status-publish","hentry"],"_links":{"self":[{"href":"https:\/\/rezerwacja.powiatwalecki.pl\/index.php\/wp-json\/wp\/v2\/pages\/6","targetHints":{"allow":["GET"]}}],"collection":[{"href":"https:\/\/rezerwacja.powiatwalecki.pl\/index.php\/wp-json\/wp\/v2\/pages"}],"about":[{"href":"https:\/\/rezerwacja.powiatwalecki.pl\/index.php\/wp-json\/wp\/v2\/types\/page"}],"author":[{"embeddable":true,"href":"https:\/\/rezerwacja.powiatwalecki.pl\/index.php\/wp-json\/wp\/v2\/users\/1"}],"replies":[{"embeddable":true,"href":"https:\/\/rezerwacja.powiatwalecki.pl\/index.php\/wp-json\/wp\/v2\/comments?post=6"}],"version-history":[{"count":38,"href":"https:\/\/rezerwacja.powiatwalecki.pl\/index.php\/wp-json\/wp\/v2\/pages\/6\/revisions"}],"predecessor-version":[{"id":211,"href":"https:\/\/rezerwacja.powiatwalecki.pl\/index.php\/wp-json\/wp\/v2\/pages\/6\/revisions\/211"}],"wp:attachment":[{"href":"https:\/\/rezerwacja.powiatwalecki.pl\/index.php\/wp-json\/wp\/v2\/media?parent=6"}],"curies":[{"name":"wp","href":"https:\/\/api.w.org\/{rel}","templated":true}]}}